{"id":1425,"date":"2020-11-09T17:46:23","date_gmt":"2020-11-09T16:46:23","guid":{"rendered":"http:\/\/byistria.com\/wordpress\/proizvod\/punta-cissana\/"},"modified":"2021-01-23T21:03:29","modified_gmt":"2021-01-23T20:03:29","slug":"punta-cissana","status":"publish","type":"product","link":"https:\/\/byistria.com\/en\/product\/punta-cissana\/","title":{"rendered":"Punta Cissana"},"content":{"rendered":"<p>An outstanding Istrian olive oil, Punta Cissana is a signature product of Edi Dru\u017eeti\u0107, an internationally renowned expert from Pula. This extra virgin olive oil is produced from a special selection of exclusively autochthonous varieties (male Bu\u017ea, female Bu\u017ea, Bu\u017ea punto\u017ea and Rosignola). Obtained from a 150-year-old olive grove, the oil was named after the prestigious Punta Cissana site near Barbariga, which boasts a millennia-old olive-oil tradition. The cultivation of olives in the region is believed to date back to the first Greek colonies in the northern Adriatic \u2013 the remains of a large ancient oil mill, the oldest in the Mediterranean, were\u00a0 discovered in this very olive grove. Oil from such a location is proven to have first-class properties. The oil is very fresh, characterized by pronounced green notes and a complex, pleasant scent. it combines the marked aroma of olives with the aromas of grass, artichokes, tomatoes and chicory, and to a lesser extent, green almonds and redcurrant. The intensity of the olive fruit flavor is less intense, while the fresh green impressions predominate, as previously described. Bitterness is slightly more pronounced, reminiscent of leafy greens and green pepper spiciness. It has very good fluidity.<\/p>\n<p>Pairing: wild sea bass fillet, potatoes spiced with Mediterranean herbs, beef chateaubriand.<\/p>\n","protected":false},"excerpt":{"rendered":"<p>Extra virgin olive oil, 0.50l<\/p>\n","protected":false},"featured_media":1292,"template":"","meta":[],"yoast_head":"<!-- This site is optimized with the Yoast SEO plugin v15.6.2 - https:\/\/yoast.com\/wordpress\/plugins\/seo\/ -->\n<title>Limited extra virgin olive oil Punta Cissana, 0.50l | ByIstria<\/title>\n<meta name=\"description\" content=\"Limited extra virgin olive oil Punta Cissana, 0.50l clear green colour, multivarietal: Bu\u017ea female, Bu\u017ea male, Punto\u017ea, Rosinjola. Buy online now!\" \/>\n<meta name=\"robots\" content=\"index, follow, max-snippet:-1, max-image-preview:large, max-video-preview:-1\" \/>\n<link rel=\"canonical\" href=\"https:\/\/byistria.com\/en\/product\/punta-cissana\/\" \/>\n<meta property=\"og:locale\" content=\"en_US\" \/>\n<meta property=\"og:type\" content=\"article\" \/>\n<meta property=\"og:title\" content=\"Limited extra virgin olive oil Punta Cissana, 0.50l | ByIstria\" \/>\n<meta property=\"og:description\" content=\"Limited extra virgin olive oil Punta Cissana, 0.50l clear green colour, multivarietal: Bu\u017ea female, Bu\u017ea male, Punto\u017ea, Rosinjola. Buy online now!\" \/>\n<meta property=\"og:url\" content=\"https:\/\/byistria.com\/en\/product\/punta-cissana\/\" \/>\n<meta property=\"og:site_name\" content=\"ByIstria\" \/>\n<meta property=\"article:modified_time\" content=\"2021-01-23T20:03:29+00:00\" \/>\n<meta property=\"og:image\" content=\"https:\/\/byistria.com\/wordpress\/wp-content\/uploads\/2020\/11\/ByIstria-Salvela-Punta-Cisana.png\" \/>\n\t<meta property=\"og:image:width\" content=\"1000\" \/>\n\t<meta property=\"og:image:height\" content=\"1000\" \/>\n<meta name=\"twitter:card\" content=\"summary_large_image\" \/>\n<meta name=\"twitter:label1\" content=\"Est. reading time\">\n\t<meta name=\"twitter:data1\" content=\"1 minute\">\n<script type=\"application\/ld+json\" class=\"yoast-schema-graph\">{\"@context\":\"https:\/\/schema.org\",\"@graph\":[{\"@type\":\"WebSite\",\"@id\":\"https:\/\/byistria.com\/#website\",\"url\":\"https:\/\/byistria.com\/\",\"name\":\"ByIstria\",\"description\":\"ByIstria.com\",\"potentialAction\":[{\"@type\":\"SearchAction\",\"target\":\"https:\/\/byistria.com\/?s={search_term_string}\",\"query-input\":\"required name=search_term_string\"}],\"inLanguage\":\"en-US\"},{\"@type\":\"ImageObject\",\"@id\":\"https:\/\/byistria.com\/en\/product\/punta-cissana\/#primaryimage\",\"inLanguage\":\"en-US\",\"url\":\"https:\/\/byistria.com\/wordpress\/wp-content\/uploads\/2020\/11\/ByIstria-Salvela-Punta-Cisana.png\",\"width\":1000,\"height\":1000},{\"@type\":\"WebPage\",\"@id\":\"https:\/\/byistria.com\/en\/product\/punta-cissana\/#webpage\",\"url\":\"https:\/\/byistria.com\/en\/product\/punta-cissana\/\",\"name\":\"Limited extra virgin olive oil Punta Cissana, 0.50l | ByIstria\",\"isPartOf\":{\"@id\":\"https:\/\/byistria.com\/#website\"},\"primaryImageOfPage\":{\"@id\":\"https:\/\/byistria.com\/en\/product\/punta-cissana\/#primaryimage\"},\"datePublished\":\"2020-11-09T16:46:23+00:00\",\"dateModified\":\"2021-01-23T20:03:29+00:00\",\"description\":\"Limited extra virgin olive oil Punta Cissana, 0.50l clear green colour, multivarietal: Bu\\u017ea female, Bu\\u017ea male, Punto\\u017ea, Rosinjola. Buy online now!\",\"inLanguage\":\"en-US\",\"potentialAction\":[{\"@type\":\"ReadAction\",\"target\":[\"https:\/\/byistria.com\/en\/product\/punta-cissana\/\"]}]}]}<\/script>\n<!-- \/ Yoast SEO plugin. -->","_links":{"self":[{"href":"https:\/\/byistria.com\/en\/wp-json\/wp\/v2\/product\/1425"}],"collection":[{"href":"https:\/\/byistria.com\/en\/wp-json\/wp\/v2\/product"}],"about":[{"href":"https:\/\/byistria.com\/en\/wp-json\/wp\/v2\/types\/product"}],"wp:featuredmedia":[{"embeddable":true,"href":"https:\/\/byistria.com\/en\/wp-json\/wp\/v2\/media\/1292"}],"wp:attachment":[{"href":"https:\/\/byistria.com\/en\/wp-json\/wp\/v2\/media?parent=1425"}],"curies":[{"name":"wp","href":"https:\/\/api.w.org\/{rel}","templated":true}]}}