{"id":3172,"date":"2025-10-17T11:24:59","date_gmt":"2023-10-25T09:24:59","guid":{"rendered":"https:\/\/byistria.com\/product\/salvela-primis\/"},"modified":"2023-10-25T11:30:45","modified_gmt":"2023-10-25T09:30:45","slug":"salvela-primis","status":"publish","type":"product","link":"https:\/\/byistria.com\/en\/product\/salvela-primis\/","title":{"rendered":"Salvela Primis"},"content":{"rendered":"<p>Primis, mlado je ulje selekcije Aurum Salvela. Blend dakako istarskih autohtonih sorata iz na\u0161ih maslinika s dodatnim naglaskom leccina i pendolina koji u svojoj ranijoj fazi pru\u017eaju ugodna organolepti\u010dka svojstva. Dok bu\u017ea, ro\u0161injola i bjelica imaju izra\u017eenu vo\u0107nost, svje\u017einu, nagla\u0161ene su gor\u010dine i pikantnosti. Kod svoje ranije faze razvoja introducirane sorte pak harmoni\u010dno zaokru\u017euju tipi\u010dne &#8220;divlje&#8221; note mladog ekstra djevi\u010danskog ulja. Kod Primisa se tako umjerenog intenziteta osjete mirisi i okusi zelenog lista, zelenog badema, radi\u0107a i raj\u010dice.<\/p>\n","protected":false},"excerpt":{"rendered":"<p>Extra virgin olive oil, 0.50l<\/p>\n","protected":false},"featured_media":3169,"template":"","meta":[],"yoast_head":"<!-- This site is optimized with the Yoast SEO plugin v15.6.2 - https:\/\/yoast.com\/wordpress\/plugins\/seo\/ -->\n<title>Salvela Primis | ByIstria<\/title>\n<meta name=\"robots\" content=\"index, follow, max-snippet:-1, max-image-preview:large, max-video-preview:-1\" \/>\n<link rel=\"canonical\" href=\"https:\/\/byistria.com\/en\/product\/salvela-primis\/\" \/>\n<meta property=\"og:locale\" content=\"en_US\" \/>\n<meta property=\"og:type\" content=\"article\" \/>\n<meta property=\"og:title\" content=\"Salvela Primis | ByIstria\" \/>\n<meta property=\"og:description\" content=\"Extra virgin olive oil, 0.50l\" \/>\n<meta property=\"og:url\" content=\"https:\/\/byistria.com\/en\/product\/salvela-primis\/\" \/>\n<meta property=\"og:site_name\" content=\"ByIstria\" \/>\n<meta property=\"article:modified_time\" content=\"2023-10-25T09:30:45+00:00\" \/>\n<meta property=\"og:image\" content=\"https:\/\/byistria.com\/wordpress\/wp-content\/uploads\/2023\/10\/ByIstria-Primis.png\" \/>\n\t<meta property=\"og:image:width\" content=\"1000\" \/>\n\t<meta property=\"og:image:height\" content=\"1000\" \/>\n<meta name=\"twitter:card\" content=\"summary_large_image\" \/>\n<meta name=\"twitter:label1\" content=\"Est. reading time\">\n\t<meta name=\"twitter:data1\" content=\"1 minute\">\n<script type=\"application\/ld+json\" class=\"yoast-schema-graph\">{\"@context\":\"https:\/\/schema.org\",\"@graph\":[{\"@type\":\"WebSite\",\"@id\":\"https:\/\/byistria.com\/#website\",\"url\":\"https:\/\/byistria.com\/\",\"name\":\"ByIstria\",\"description\":\"ByIstria.com\",\"potentialAction\":[{\"@type\":\"SearchAction\",\"target\":\"https:\/\/byistria.com\/?s={search_term_string}\",\"query-input\":\"required name=search_term_string\"}],\"inLanguage\":\"en-US\"},{\"@type\":\"ImageObject\",\"@id\":\"https:\/\/byistria.com\/en\/product\/salvela-primis\/#primaryimage\",\"inLanguage\":\"en-US\",\"url\":\"https:\/\/byistria.com\/wordpress\/wp-content\/uploads\/2023\/10\/ByIstria-Primis.png\",\"width\":1000,\"height\":1000},{\"@type\":\"WebPage\",\"@id\":\"https:\/\/byistria.com\/en\/product\/salvela-primis\/#webpage\",\"url\":\"https:\/\/byistria.com\/en\/product\/salvela-primis\/\",\"name\":\"Salvela Primis | ByIstria\",\"isPartOf\":{\"@id\":\"https:\/\/byistria.com\/#website\"},\"primaryImageOfPage\":{\"@id\":\"https:\/\/byistria.com\/en\/product\/salvela-primis\/#primaryimage\"},\"datePublished\":\"2023-10-25T09:24:59+00:00\",\"dateModified\":\"2023-10-25T09:30:45+00:00\",\"inLanguage\":\"en-US\",\"potentialAction\":[{\"@type\":\"ReadAction\",\"target\":[\"https:\/\/byistria.com\/en\/product\/salvela-primis\/\"]}]}]}<\/script>\n<!-- \/ Yoast SEO plugin. -->","_links":{"self":[{"href":"https:\/\/byistria.com\/en\/wp-json\/wp\/v2\/product\/3172"}],"collection":[{"href":"https:\/\/byistria.com\/en\/wp-json\/wp\/v2\/product"}],"about":[{"href":"https:\/\/byistria.com\/en\/wp-json\/wp\/v2\/types\/product"}],"wp:featuredmedia":[{"embeddable":true,"href":"https:\/\/byistria.com\/en\/wp-json\/wp\/v2\/media\/3169"}],"wp:attachment":[{"href":"https:\/\/byistria.com\/en\/wp-json\/wp\/v2\/media?parent=3172"}],"curies":[{"name":"wp","href":"https:\/\/api.w.org\/{rel}","templated":true}]}}